{"id":117,"date":"2026-01-28T18:12:54","date_gmt":"2026-01-28T18:12:54","guid":{"rendered":"https:\/\/yanis-naud.ovh\/?page_id=117"},"modified":"2026-04-08T10:07:37","modified_gmt":"2026-04-08T10:07:37","slug":"linkedin","status":"publish","type":"page","link":"https:\/\/yanis-naud.ovh\/index.php\/linkedin\/","title":{"rendered":"LinkedIn"},"content":{"rendered":"\t\t<div data-elementor-type=\"wp-page\" data-elementor-id=\"117\" class=\"elementor elementor-117\">\n\t\t\t\t<div class=\"elementor-element elementor-element-afd3776 e-flex e-con-boxed e-con e-parent\" data-id=\"afd3776\" data-element_type=\"container\" data-e-type=\"container\">\n\t\t\t\t\t<div class=\"e-con-inner\">\n\t\t\t\t<div class=\"elementor-element elementor-element-7fbaeb6 elementor-widget elementor-widget-html\" data-id=\"7fbaeb6\" data-element_type=\"widget\" data-e-type=\"widget\" data-widget_type=\"html.default\">\n\t\t\t\t\t<style>\r\n    .banner-wrap {\r\n      background: #000000;\r\n      padding: 40px 32px;\r\n      display: flex;\r\n      justify-content: center; \/* Centre horizontalement *\/\r\n      align-items: center; \/* Centre verticalement *\/\r\n      width: 100%;\r\n      box-sizing: border-box;\r\n      min-height: 200px;\r\n    }\r\n    \r\n    .banner-title {\r\n      font-family: 'Black Ops One', 'Arial Black', sans-serif;\r\n      display: flex;\r\n      flex-direction: column; \/* Aligne le titre et le sous-titre l'un sous l'autre *\/\r\n      align-items: center; \/* Aligne les textes au centre *\/\r\n      text-align: center;\r\n      text-transform: uppercase;\r\n      line-height: 1;\r\n    }\r\n\r\n    \/* Le mot SEO (Titre) *\/\r\n    .word-solid-main {\r\n      color: #ffffff;\r\n      font-size: clamp(60px, 12vw, 120px); \/* Tr\u00e8s grand impact *\/\r\n      font-weight: 900;\r\n      letter-spacing: 5px;\r\n      margin-bottom: 10px; \/* Espace entre SEO et le texte contour\u00e9 *\/\r\n    }\r\n\r\n    \/* La phrase d'accompagnement (Sous-titre) *\/\r\n    .word-outline-sub {\r\n      color: transparent;\r\n      -webkit-text-stroke: 1.5px #705F21;\r\n      font-size: clamp(18px, 3vw, 32px); \/* Plus petit pour le contraste *\/\r\n      font-weight: 900;\r\n      letter-spacing: 2px;\r\n    }\r\n  <\/style>\r\n<\/head>\r\n<body>\r\n\r\n  <div class=\"banner-wrap\">\r\n    <div class=\"banner-title\">\r\n      <span class=\"word-solid-main\">LINKEdIN<\/span>\r\n      \r\n      <span class=\"word-outline-sub\">De 30 \u00e0 300 visiteurs par mois en 6 mois<\/span>\r\n    <\/div>\r\n  <\/div>\r\n\r\n<\/body>\r\n<\/html>\t\t\t\t<\/div>\n\t\t\t\t\t<\/div>\n\t\t\t\t<\/div>\n\t\t<div class=\"elementor-element elementor-element-9f7a5b8 e-flex e-con-boxed e-con e-parent\" data-id=\"9f7a5b8\" data-element_type=\"container\" data-e-type=\"container\">\n\t\t\t\t\t<div class=\"e-con-inner\">\n\t\t<div class=\"elementor-element elementor-element-6fa709e e-con-full e-flex e-con e-child\" data-id=\"6fa709e\" data-element_type=\"container\" data-e-type=\"container\">\n\t\t<div class=\"elementor-element elementor-element-c474280 e-grid e-con-full e-con e-child\" data-id=\"c474280\" data-element_type=\"container\" data-e-type=\"container\">\n\t\t\t\t<div class=\"elementor-element elementor-element-cd6aaf2 elementor-widget elementor-widget-image\" data-id=\"cd6aaf2\" data-element_type=\"widget\" data-e-type=\"widget\" data-widget_type=\"image.default\">\n\t\t\t\t\t\t\t\t\t\t\t\t\t\t\t<img fetchpriority=\"high\" decoding=\"async\" width=\"305\" height=\"383\" src=\"https:\/\/yanis-naud.ovh\/wp-content\/uploads\/2026\/01\/image-24.png\" class=\"attachment-large size-large wp-image-122\" alt=\"Page LinkedIn\" srcset=\"https:\/\/yanis-naud.ovh\/wp-content\/uploads\/2026\/01\/image-24.png 305w, https:\/\/yanis-naud.ovh\/wp-content\/uploads\/2026\/01\/image-24-239x300.png 239w\" sizes=\"(max-width: 305px) 100vw, 305px\" \/>\t\t\t\t\t\t\t\t\t\t\t\t\t\t\t<\/div>\n\t\t\t\t<div class=\"elementor-element elementor-element-fbd726b elementor-widget elementor-widget-image\" data-id=\"fbd726b\" data-element_type=\"widget\" data-e-type=\"widget\" data-widget_type=\"image.default\">\n\t\t\t\t\t\t\t\t\t\t\t\t\t\t\t<img decoding=\"async\" width=\"518\" height=\"682\" src=\"https:\/\/yanis-naud.ovh\/wp-content\/uploads\/2026\/02\/image-17-1.png\" class=\"attachment-large size-large wp-image-747\" alt=\"\" srcset=\"https:\/\/yanis-naud.ovh\/wp-content\/uploads\/2026\/02\/image-17-1.png 518w, https:\/\/yanis-naud.ovh\/wp-content\/uploads\/2026\/02\/image-17-1-228x300.png 228w\" sizes=\"(max-width: 518px) 100vw, 518px\" \/>\t\t\t\t\t\t\t\t\t\t\t\t\t\t\t<\/div>\n\t\t\t\t<div class=\"elementor-element elementor-element-488c574 elementor-widget elementor-widget-image\" data-id=\"488c574\" data-element_type=\"widget\" data-e-type=\"widget\" data-widget_type=\"image.default\">\n\t\t\t\t\t\t\t\t\t\t\t\t\t\t\t<img decoding=\"async\" width=\"525\" height=\"472\" src=\"https:\/\/yanis-naud.ovh\/wp-content\/uploads\/2026\/02\/image-18.png\" class=\"attachment-large size-large wp-image-748\" alt=\"\" srcset=\"https:\/\/yanis-naud.ovh\/wp-content\/uploads\/2026\/02\/image-18.png 525w, https:\/\/yanis-naud.ovh\/wp-content\/uploads\/2026\/02\/image-18-300x270.png 300w\" sizes=\"(max-width: 525px) 100vw, 525px\" \/>\t\t\t\t\t\t\t\t\t\t\t\t\t\t\t<\/div>\n\t\t\t\t<div class=\"elementor-element elementor-element-e955717 elementor-widget elementor-widget-image\" data-id=\"e955717\" data-element_type=\"widget\" data-e-type=\"widget\" data-widget_type=\"image.default\">\n\t\t\t\t\t\t\t\t\t\t\t\t\t\t\t<img loading=\"lazy\" decoding=\"async\" width=\"523\" height=\"613\" src=\"https:\/\/yanis-naud.ovh\/wp-content\/uploads\/2026\/02\/image-19-1.png\" class=\"attachment-large size-large wp-image-749\" alt=\"\" srcset=\"https:\/\/yanis-naud.ovh\/wp-content\/uploads\/2026\/02\/image-19-1.png 523w, https:\/\/yanis-naud.ovh\/wp-content\/uploads\/2026\/02\/image-19-1-256x300.png 256w\" sizes=\"(max-width: 523px) 100vw, 523px\" \/>\t\t\t\t\t\t\t\t\t\t\t\t\t\t\t<\/div>\n\t\t\t\t<\/div>\n\t\t\t\t<\/div>\n\t\t<div class=\"elementor-element elementor-element-bcdfd09 e-con-full e-flex e-con e-child\" data-id=\"bcdfd09\" data-element_type=\"container\" data-e-type=\"container\">\n\t\t<div class=\"elementor-element elementor-element-6633e96 e-con-full e-flex e-con e-child\" data-id=\"6633e96\" data-element_type=\"container\" data-e-type=\"container\" data-settings=\"{&quot;background_background&quot;:&quot;classic&quot;}\">\n\t\t\t\t<div class=\"elementor-element elementor-element-f9b275e elementor-widget elementor-widget-html\" data-id=\"f9b275e\" data-element_type=\"widget\" data-e-type=\"widget\" data-widget_type=\"html.default\">\n\t\t\t\t\t<!DOCTYPE html>\r\n<html lang=\"fr\">\r\n<head>\r\n    <meta charset=\"UTF-8\">\r\n    <meta name=\"viewport\" content=\"width=device-width, initial-scale=1.0\">\r\n    <title>Portfolio <\/title>\r\n    <link rel=\"preconnect\" href=\"https:\/\/fonts.googleapis.com\">\r\n    <link rel=\"preconnect\" href=\"https:\/\/fonts.gstatic.com\" crossorigin>\r\n    <link href=\"https:\/\/fonts.googleapis.com\/css2?family=Instrument+Sans:wght@400;500;600;700&family=Playfair+Display:wght@700;900&display=swap\" rel=\"stylesheet\">\r\n    <style>\r\n        :root {\r\n            --primary: #705F21;\r\n            --primary-dark: #5a4b1a;\r\n            --primary-light: #9a8542;\r\n            --bg-dark: #000000;\r\n            --bg-card: #1a1a1a;\r\n            --text-light: #ffffff;\r\n            --text-muted: #a0a0a0;\r\n        }\r\n\r\n        * {\r\n            margin: 0;\r\n            padding: 0;\r\n            box-sizing: border-box;\r\n        }\r\n\r\n        body {\r\n            font-family: 'Instrument Sans', sans-serif;\r\n            background-color: var(--bg-dark);\r\n            color: var(--text-light);\r\n            line-height: 1.6;\r\n        }\r\n\r\n        \/* Animated background *\/\r\n        .background-grid {\r\n            position: fixed;\r\n            top: 0;\r\n            left: 0;\r\n            width: 100%;\r\n            height: 100%;\r\n            background-image: \r\n                linear-gradient(var(--primary) 1px, transparent 1px),\r\n                linear-gradient(90deg, var(--primary) 1px, transparent 1px);\r\n            background-size: 50px 50px;\r\n            opacity: 0.03;\r\n            animation: gridMove 20s linear infinite;\r\n            pointer-events: none;\r\n            z-index: 0;\r\n        }\r\n\r\n        @keyframes gridMove {\r\n            0% { transform: translate(0, 0); }\r\n            100% { transform: translate(50px, 50px); }\r\n        }\r\n\r\n        .case-study {\r\n            padding: 60px;\r\n            background: var(--bg-card);\r\n            border-radius: 30px;\r\n            border: 1px solid rgba(112, 95, 33, 0.2);\r\n            position: relative;\r\n            overflow: hidden;\r\n            width: 100%;\r\n            animation: revealCase 0.8s ease forwards;\r\n            z-index: 1;\r\n        }\r\n\r\n        @keyframes revealCase {\r\n            from { opacity: 0; transform: translateY(50px) scale(0.95); }\r\n            to { opacity: 1; transform: translateY(0) scale(1); }\r\n        }\r\n\r\n        .case-study::before {\r\n            content: '';\r\n            position: absolute;\r\n            top: -1px;\r\n            right: -1px;\r\n            width: 150px;\r\n            height: 150px;\r\n            background: linear-gradient(135deg, var(--primary) 0%, transparent 70%);\r\n            opacity: 0.1;\r\n            border-radius: 0 30px 0 100%;\r\n        }\r\n\r\n        .case-content { \r\n            z-index: 1;\r\n            position: relative;\r\n        }\r\n\r\n        .case-tag {\r\n            display: inline-block;\r\n            padding: 8px 16px;\r\n            background: rgba(112, 95, 33, 0.2);\r\n            color: var(--primary);\r\n            border-radius: 20px;\r\n            font-size: 12px;\r\n            font-weight: 600;\r\n            letter-spacing: 1px;\r\n            text-transform: uppercase;\r\n            margin-bottom: 20px;\r\n        }\r\n\r\n        .case-title {\r\n            font-family: 'Instrument Sans', sans-serif;\r\n            font-size: 42px;\r\n            font-weight: 700;\r\n            margin-bottom: 20px;\r\n            line-height: 1.2;\r\n        }\r\n\r\n        .case-description {\r\n            color: var(--text-muted);\r\n            font-size: 16px;\r\n            margin-bottom: 30px;\r\n            line-height: 1.8;\r\n        }\r\n\r\n        \/* Metrics *\/\r\n        .case-metrics {\r\n            display: grid;\r\n            grid-template-columns: repeat(3, 1fr);\r\n            gap: 20px;\r\n            margin-top: 40px;\r\n        }\r\n\r\n        .metric {\r\n            text-align: center;\r\n            padding: 20px;\r\n            background: rgba(255, 255, 255, 0.02);\r\n            border-radius: 15px;\r\n            border: 1px solid rgba(255, 255, 255, 0.05);\r\n            transition: all 0.3s ease;\r\n        }\r\n\r\n        .metric:hover {\r\n            transform: translateY(-5px);\r\n            border-color: var(--primary);\r\n            background: rgba(112, 95, 33, 0.05);\r\n        }\r\n\r\n        .metric-value {\r\n            font-size: 32px;\r\n            font-weight: 700;\r\n            color: var(--primary);\r\n            margin-bottom: 5px;\r\n        }\r\n\r\n        .metric-label {\r\n            font-size: 12px;\r\n            color: var(--text-muted);\r\n            text-transform: uppercase;\r\n            letter-spacing: 1px;\r\n        }\r\n\r\n        \/* CTA Button *\/\r\n        .case-cta {\r\n            display: inline-flex;\r\n            align-items: center;\r\n            gap: 10px;\r\n            padding: 16px 32px;\r\n            background: var(--primary);\r\n            color: var(--bg-dark);\r\n            text-decoration: none;\r\n            border-radius: 50px;\r\n            font-weight: 600;\r\n            font-size: 14px;\r\n            letter-spacing: 0.5px;\r\n            transition: all 0.3s ease;\r\n            margin-top: 20px;\r\n        }\r\n\r\n        .case-cta:hover {\r\n            background: var(--primary-light);\r\n            transform: translateX(5px);\r\n            box-shadow: 0 10px 30px rgba(112, 95, 33, 0.4);\r\n        }\r\n\r\n        .case-cta::after {\r\n            content: '\u2192';\r\n            font-size: 18px;\r\n            transition: transform 0.3s ease;\r\n        }\r\n\r\n        .case-cta:hover::after {\r\n            transform: translateX(5px);\r\n        }\r\n\r\n        @media (max-width: 640px) {\r\n            .case-metrics { grid-template-columns: 1fr; }\r\n            .case-study { padding: 30px; }\r\n            .case-title { font-size: 32px; }\r\n        }\r\n    <\/style>\r\n<\/head>\r\n<body>\r\n    <div class=\"background-grid\"><\/div>\r\n\r\n    <div class=\"case-study\">\r\n        <div class=\"case-content\">\r\n            <span class=\"case-tag\">creer-ma-franchise.fr<\/span>\r\n            <h2 class=\"case-title\">Animation de la page LinkedIn.<\/h2>\r\n            <p class=\"case-description\">\r\n                Gestion de la page G\u00e9n\u00e9rale des Services. \r\n                 Mise en place d'un planning \u00e9ditorial. Un mois avant, en lien avec le p\u00f4le d\u00e9veloppement commercial et RH.  Afin de donner les actualit\u00e9s aux franchis\u00e9es et au potentiel futur franchis\u00e9.\r\n            <\/p>\r\n\r\n            <div class=\"case-metrics\">\r\n                <div class=\"metric\">\r\n                    <div class=\"metric-value\">6K<\/div>\r\n                    <div class=\"metric-label\">impresions\/mois<\/div>\r\n                <\/div>\r\n                <div class=\"metric\">\r\n                    <div class=\"metric-value\">655<\/div>\r\n                    <div class=\"metric-label\">abonn\u00e9es\/an<\/div>\r\n                <\/div>\r\n                <div class=\"metric\">\r\n                    <div class=\"metric-value\">7.2%<\/div>\r\n                    <div class=\"metric-label\">taux d'engagement<\/div>\r\n                <\/div>\r\n            <\/div>\r\n\r\n            <a href=\"#\" class=\"case-cta\">D\u00e9couvrir la strat\u00e9gie<\/a>\r\n        <\/div>\r\n    <\/div>\r\n<\/body>\r\n<\/html>\t\t\t\t<\/div>\n\t\t\t\t<\/div>\n\t\t\t\t<\/div>\n\t\t\t\t\t<\/div>\n\t\t\t\t<\/div>\n\t\t<div class=\"elementor-element elementor-element-280332e e-flex e-con-boxed e-con e-parent\" data-id=\"280332e\" data-element_type=\"container\" data-e-type=\"container\">\n\t\t\t\t\t<div class=\"e-con-inner\">\n\t\t\t\t<div class=\"elementor-element elementor-element-1d5c02d elementor-widget elementor-widget-text-editor\" data-id=\"1d5c02d\" data-element_type=\"widget\" data-e-type=\"widget\" data-widget_type=\"text-editor.default\">\n\t\t\t\t\t\t\t\t\t<h1><strong>Les r\u00e9sultats<\/strong><\/h1>\t\t\t\t\t\t\t\t<\/div>\n\t\t\t\t<div class=\"elementor-element elementor-element-cabb5c2 elementor-widget elementor-widget-html\" data-id=\"cabb5c2\" data-element_type=\"widget\" data-e-type=\"widget\" data-widget_type=\"html.default\">\n\t\t\t\t\t<section id=\"stats-section\">\r\n    <div class=\"bento-grid\">\r\n        <div class=\"card large\">\r\n            <h3 class=\"label\">Impressions Totales<\/h3>\r\n            <div class=\"value\">84 819<\/div>\r\n            <div class=\"trend\">\r\n                <svg fill=\"none\" stroke=\"currentColor\" viewBox=\"0 0 24 24\"><path stroke-linecap=\"round\" stroke-linejoin=\"round\" stroke-width=\"3\" d=\"M13 7h8m0 0v8m0-8l-8 8-4-4-6 6\"><\/path><\/svg>\r\n                Performance annuelle 2025\r\n            <\/div>\r\n        <\/div>\r\n\r\n        <div class=\"card medium\">\r\n            <h3 class=\"label\">Taux d'engagement<\/h3>\r\n            <div class=\"value\">15.3%<\/div>\r\n            <div class=\"trend\" style=\"color: #ffffff; opacity: 0.7;\">Interaction active<\/div>\r\n        <\/div>\r\n\r\n        <div class=\"card\">\r\n            <h3 class=\"label\">Abonn\u00e9s<\/h3>\r\n            <div class=\"value\" style=\"color: #ffffff;\">+648<\/div>\r\n        <\/div>\r\n\r\n        <div class=\"card\">\r\n            <h3 class=\"label\">Vues de page<\/h3>\r\n            <div class=\"value\">6 001<\/div>\r\n        <\/div>\r\n    <\/div>\r\n\r\n    <style>\r\n        #stats-section {\r\n            background-color: #000000;\r\n            padding: 40px 0; \/* Padding vertical uniquement *\/\r\n            font-family: 'Inter', sans-serif;\r\n            display: flex;\r\n            justify-content: center;\r\n            width: 100%;\r\n        }\r\n\r\n        #stats-section .bento-grid {\r\n            display: grid;\r\n            grid-template-columns: repeat(4, 1fr);\r\n            grid-template-rows: repeat(2, 180px);\r\n            gap: 15px;\r\n            width: 95%; \/* S'adapte \u00e0 la largeur du site *\/\r\n            max-width: 100%; \r\n        }\r\n\r\n        #stats-section .card {\r\n            background: #111111;\r\n            border: 1px solid #222222;\r\n            border-radius: 20px;\r\n            padding: 25px;\r\n            display: flex;\r\n            flex-direction: column;\r\n            justify-content: space-between;\r\n            transition: all 0.4s cubic-bezier(0.175, 0.885, 0.32, 1.275);\r\n        }\r\n\r\n        #stats-section .card:hover {\r\n            border-color: #705F21;\r\n            transform: scale(1.01);\r\n        }\r\n\r\n        #stats-section .large { grid-column: span 2; grid-row: span 2; }\r\n        #stats-section .medium { grid-column: span 2; }\r\n\r\n        #stats-section .label {\r\n            font-size: 0.85rem;\r\n            font-weight: 700;\r\n            color: #705F21;\r\n            text-transform: uppercase;\r\n            letter-spacing: 1.5px;\r\n            margin: 0;\r\n        }\r\n\r\n        #stats-section .value {\r\n            font-size: clamp(2rem, 4vw, 2.8rem); \/* Taille adaptative *\/\r\n            font-weight: 800;\r\n            color: #ffffff;\r\n            margin: 10px 0;\r\n        }\r\n\r\n        #stats-section .large .value { \r\n            font-size: clamp(3rem, 7vw, 5rem); \/* Taille adaptative pour le grand bloc *\/\r\n            background: linear-gradient(180deg, #ffffff 0%, #705F21 150%);\r\n            -webkit-background-clip: text;\r\n            -webkit-text-fill-color: transparent;\r\n        }\r\n        \r\n        #stats-section .trend {\r\n            display: inline-flex;\r\n            align-items: center;\r\n            font-size: 0.85rem;\r\n            color: #705F21;\r\n        }\r\n\r\n        #stats-section .trend svg { width: 16px; margin-right: 6px; }\r\n\r\n        @media (max-width: 768px) {\r\n            #stats-section {\r\n                padding: 20px 15px; \/* On remet des marges sur les c\u00f4t\u00e9s pour le mobile *\/\r\n            }\r\n            #stats-section .bento-grid {\r\n                grid-template-columns: 1fr;\r\n                grid-template-rows: auto;\r\n                width: 100%;\r\n            }\r\n            #stats-section .large, #stats-section .medium { grid-column: span 1; grid-row: span 1; }\r\n            #stats-section .large .value { font-size: 3.5rem; }\r\n            #stats-section .card { min-height: 160px; }\r\n        }\r\n    <\/style>\r\n<\/section>\t\t\t\t<\/div>\n\t\t\t\t\t<\/div>\n\t\t\t\t<\/div>\n\t\t<div class=\"elementor-element elementor-element-6276cbe e-flex e-con-boxed e-con e-parent\" data-id=\"6276cbe\" data-element_type=\"container\" data-e-type=\"container\">\n\t\t\t\t\t<div class=\"e-con-inner\">\n\t\t<div class=\"elementor-element elementor-element-89255be e-con-full e-flex e-con e-child\" data-id=\"89255be\" data-element_type=\"container\" data-e-type=\"container\">\n\t\t\t\t<div class=\"elementor-element elementor-element-347a94e elementor-widget elementor-widget-text-editor\" data-id=\"347a94e\" data-element_type=\"widget\" data-e-type=\"widget\" data-widget_type=\"text-editor.default\">\n\t\t\t\t\t\t\t\t\t<p>Les logiciels utilis\u00e9s :<\/p>\t\t\t\t\t\t\t\t<\/div>\n\t\t<div class=\"elementor-element elementor-element-5c3a1d7 e-grid e-con-boxed e-con e-child\" data-id=\"5c3a1d7\" data-element_type=\"container\" data-e-type=\"container\">\n\t\t\t\t\t<div class=\"e-con-inner\">\n\t\t\t\t<div class=\"elementor-element elementor-element-d5b63d7 elementor-widget elementor-widget-image\" data-id=\"d5b63d7\" data-element_type=\"widget\" data-e-type=\"widget\" data-widget_type=\"image.default\">\n\t\t\t\t\t\t\t\t\t\t\t\t\t\t\t<img loading=\"lazy\" decoding=\"async\" width=\"63\" height=\"63\" src=\"https:\/\/yanis-naud.ovh\/wp-content\/uploads\/2026\/01\/image-3-1.png\" class=\"attachment-thumbnail size-thumbnail wp-image-27\" alt=\"\" \/>\t\t\t\t\t\t\t\t\t\t\t\t\t\t\t<\/div>\n\t\t\t\t<div class=\"elementor-element elementor-element-b5d9e34 elementor-widget elementor-widget-image\" data-id=\"b5d9e34\" data-element_type=\"widget\" data-e-type=\"widget\" data-widget_type=\"image.default\">\n\t\t\t\t\t\t\t\t\t\t\t\t\t\t\t<img loading=\"lazy\" decoding=\"async\" width=\"66\" height=\"66\" src=\"https:\/\/yanis-naud.ovh\/wp-content\/uploads\/2026\/01\/image-5.png\" class=\"attachment-large size-large wp-image-29\" alt=\"logo canva\" \/>\t\t\t\t\t\t\t\t\t\t\t\t\t\t\t<\/div>\n\t\t\t\t\t<\/div>\n\t\t\t\t<\/div>\n\t\t\t\t<\/div>\n\t\t\t\t\t<\/div>\n\t\t\t\t<\/div>\n\t\t\t\t<\/div>\n\t\t","protected":false},"excerpt":{"rendered":"<p>LINKEdIN De 30 \u00e0 300 visiteurs par mois en 6 mois Portfolio creer-ma-franchise.fr Animation de la page LinkedIn. Gestion de la page G\u00e9n\u00e9rale des Services. Mise en place d&rsquo;un planning \u00e9ditorial. Un mois avant, en lien avec le p\u00f4le d\u00e9veloppement commercial et RH. Afin de donner les actualit\u00e9s aux franchis\u00e9es et au potentiel futur franchis\u00e9. [&hellip;]<\/p>\n","protected":false},"author":1,"featured_media":0,"parent":0,"menu_order":0,"comment_status":"closed","ping_status":"closed","template":"","meta":{"footnotes":""},"class_list":["post-117","page","type-page","status-publish","hentry"],"blocksy_meta":[],"_links":{"self":[{"href":"https:\/\/yanis-naud.ovh\/index.php\/wp-json\/wp\/v2\/pages\/117","targetHints":{"allow":["GET"]}}],"collection":[{"href":"https:\/\/yanis-naud.ovh\/index.php\/wp-json\/wp\/v2\/pages"}],"about":[{"href":"https:\/\/yanis-naud.ovh\/index.php\/wp-json\/wp\/v2\/types\/page"}],"author":[{"embeddable":true,"href":"https:\/\/yanis-naud.ovh\/index.php\/wp-json\/wp\/v2\/users\/1"}],"replies":[{"embeddable":true,"href":"https:\/\/yanis-naud.ovh\/index.php\/wp-json\/wp\/v2\/comments?post=117"}],"version-history":[{"count":58,"href":"https:\/\/yanis-naud.ovh\/index.php\/wp-json\/wp\/v2\/pages\/117\/revisions"}],"predecessor-version":[{"id":1278,"href":"https:\/\/yanis-naud.ovh\/index.php\/wp-json\/wp\/v2\/pages\/117\/revisions\/1278"}],"wp:attachment":[{"href":"https:\/\/yanis-naud.ovh\/index.php\/wp-json\/wp\/v2\/media?parent=117"}],"curies":[{"name":"wp","href":"https:\/\/api.w.org\/{rel}","templated":true}]}}